{"id":6095,"date":"2023-11-20T16:39:11","date_gmt":"2023-11-20T15:39:11","guid":{"rendered":"https:\/\/www.stadjutor.com\/minientreprise\/?page_id=6095"},"modified":"2024-09-03T10:50:34","modified_gmt":"2024-09-03T08:50:34","slug":"6e-jour","status":"publish","type":"page","link":"https:\/\/www.stadjutor.com\/minientreprise\/6e-jour","title":{"rendered":"PA  &#8211; 6e jour"},"content":{"rendered":"<p><div class=\"et_d4_element et_pb_section et_pb_section_0 et_pb_with_background  et_pb_css_mix_blend_mode et_section_regular section_has_divider et_pb_bottom_divider et_block_section\" >\n\t\t\t\t\n\t\t\t\t\n\t\t\t\t\n\t\t\t\t\n\t\t\t\t\n\t\t\t\t\n\t\t\t\t<div class=\"et_d4_element et_pb_row et_pb_row_0  et_pb_css_mix_blend_mode et_block_row\">\n\t\t\t\t<div class=\"et_d4_element et_pb_column_4_4 et_pb_column et_pb_column_0  et_pb_css_mix_blend_mode et-last-child et_block_column\">\n\t\t\t\t\n\t\t\t\t\n\t\t\t\t\n\t\t\t\t\n\t\t\t\t<div class=\"et_pb_module et_d4_element et_pb_text et_pb_text_0  et_pb_text_align_center et_pb_bg_layout_dark\">\n\t\t\t\t\n\t\t\t\t\n\t\t\t\t\n\t\t\t\t\n\t\t\t\t<div class=\"et_pb_text_inner\"><h1>Projet de l'ann\u00e9e<\/h1>\n<h3>D\u00e9couvrez le projet<\/h3><\/div>\n\t\t\t<\/div>\n\t\t\t<\/div>\n\t\t\t\t\n\t\t\t\t\n\t\t\t\t\n\t\t\t\t\n\t\t\t<\/div>\n\t\t\t\t\n\t\t\t\t<div class=\"et_pb_bottom_inside_divider et-no-transition\"><\/div>\n\t\t\t<\/div><div class=\"et_d4_element et_pb_section et_pb_section_1  et_pb_css_mix_blend_mode et_section_regular et_block_section\" >\n\t\t\t\t\n\t\t\t\t\n\t\t\t\t\n\t\t\t\t\n\t\t\t\t\n\t\t\t\t\n\t\t\t\t<div class=\"et_d4_element et_pb_row et_pb_row_1  et_pb_css_mix_blend_mode et_block_row\">\n\t\t\t\t<div class=\"et_d4_element et_pb_column_4_4 et_pb_column et_pb_column_1  et_pb_css_mix_blend_mode et-last-child et_block_column\">\n\t\t\t\t\n\t\t\t\t\n\t\t\t\t\n\t\t\t\t\n\t\t\t\t<div class=\"et_pb_module et_d4_element et_pb_text et_pb_text_1  et_pb_text_align_left et_pb_bg_layout_light\">\n\t\t\t\t\n\t\t\t\t\n\t\t\t\t\n\t\t\t\t\n\t\t\t\t<div class=\"et_pb_text_inner\"><h2>Pr\u00e9parations aux entretiens avec une professionnelle<\/h2><\/div>\n\t\t\t<\/div>\n\t\t\t<\/div>\n\t\t\t\t\n\t\t\t\t\n\t\t\t\t\n\t\t\t\t\n\t\t\t<\/div><div class=\"et_d4_element et_pb_row et_pb_row_2  et_pb_css_mix_blend_mode et_block_row\">\n\t\t\t\t<div class=\"et_d4_element et_pb_column_4_4 et_pb_column et_pb_column_2  et_pb_css_mix_blend_mode et-last-child et_block_column\">\n\t\t\t\t\n\t\t\t\t\n\t\t\t\t\n\t\t\t\t\n\t\t\t\t<div class=\"et_pb_module et_d4_element et_pb_text et_pb_text_2  et_pb_text_align_left et_pb_bg_layout_light\">\n\t\t\t\t\n\t\t\t\t\n\t\t\t\t\n\t\t\t\t\n\t\t\t\t<div class=\"et_pb_text_inner\"><p>En ce 6e jour de mini-entreprise du 20 novembre, l'\u00e9quipe de la mini-entreprise a re\u00e7u la visite de Mme. Ramatoulaye Diallo, alternance chez collins Aerospace en tant qu'administrative RH. Cette visite s'est d\u00e9roul\u00e9e dans le cadre des prochaines sessions d'entretiens afin d'\u00e9tablir chaque \u00e9quipe et ainsi dresser l'organigramme de cette ann\u00e9e !\u00a0<\/p>\n<p>Nos mini-entrepreneurs ont donc pu recevoir les nombreux conseils de leur intervenante du jour pour pr\u00e9parer au mieux possible leur propre CV qu'ils pr\u00e9senteront le jour des entretiens aux diff\u00e9rents intervenants !<\/p>\n<p>Enfin, nous avons fini la s\u00e9ance du jour sur des petites simulations d'entretiens o\u00f9 3 \u00e9l\u00e8ves se sont pr\u00eat\u00e9s au jeu ainsi que nos 2 nouvelles PDG et co-PDG !\u00a0<\/p>\n<p>Une excellente s\u00e9ance o\u00f9 nos mini-entrepreneurs ont beaucoup appris et un grand merci \u00e0 notre intervenante du jour, Mme. Ramatoulaye Diallo, pour sa p\u00e9dagogie et son professionalisme.\u00a0\u00a0<\/p><\/div>\n\t\t\t<\/div>\n\t\t\t<\/div>\n\t\t\t\t\n\t\t\t\t\n\t\t\t\t\n\t\t\t\t\n\t\t\t<\/div><div class=\"et_d4_element et_pb_row et_pb_row_3  et_pb_css_mix_blend_mode et_block_row\">\n\t\t\t\t<div class=\"et_d4_element et_pb_column_1_4 et_pb_column et_pb_column_3  et_pb_css_mix_blend_mode et_block_column\">\n\t\t\t\t\n\t\t\t\t\n\t\t\t\t\n\t\t\t\t\n\t\t\t\t<div class=\"et_pb_module et_d4_element et_pb_image et_pb_image_0\">\n\t\t\t\t\n\t\t\t\t\n\t\t\t\t\n\t\t\t\t\n\t\t\t\t<a href=\"https:\/\/www.stadjutor.com\/minientreprise\/wp-content\/uploads\/sites\/3\/2023\/11\/20231120_101927-scaled.jpg\" class=\"et_pb_lightbox_image\" title=\"\"><span class=\"et_pb_image_wrap \"><img loading=\"lazy\" decoding=\"async\" width=\"1920\" height=\"2560\" src=\"https:\/\/www.stadjutor.com\/minientreprise\/wp-content\/uploads\/sites\/3\/2023\/11\/20231120_101927-scaled.jpg\" alt=\"\" title=\"20231120_101927\" srcset=\"https:\/\/www.stadjutor.com\/minientreprise\/wp-content\/uploads\/sites\/3\/2023\/11\/20231120_101927-scaled.jpg 1920w, https:\/\/www.stadjutor.com\/minientreprise\/wp-content\/uploads\/sites\/3\/2023\/11\/20231120_101927-1280x1707.jpg 1280w, https:\/\/www.stadjutor.com\/minientreprise\/wp-content\/uploads\/sites\/3\/2023\/11\/20231120_101927-980x1307.jpg 980w, https:\/\/www.stadjutor.com\/minientreprise\/wp-content\/uploads\/sites\/3\/2023\/11\/20231120_101927-480x640.jpg 480w\" sizes=\"(min-width: 0px) and (max-width: 480px) 480px, (min-width: 481px) and (max-width: 980px) 980px, (min-width: 981px) and (max-width: 1280px) 1280px, (min-width: 1281px) 1920px, 100vw\" class=\"wp-image-6099\" \/><\/span><\/a>\n\t\t\t<\/div>\n\t\t\t<\/div><div class=\"et_d4_element et_pb_column_1_2 et_pb_column et_pb_column_4  et_pb_css_mix_blend_mode et_block_column\">\n\t\t\t\t\n\t\t\t\t\n\t\t\t\t\n\t\t\t\t\n\t\t\t\t<div class=\"et_pb_module et_d4_element et_pb_image et_pb_image_1\">\n\t\t\t\t\n\t\t\t\t\n\t\t\t\t\n\t\t\t\t\n\t\t\t\t<a href=\"https:\/\/www.stadjutor.com\/minientreprise\/wp-content\/uploads\/sites\/3\/2023\/11\/20231120_102811-scaled.jpg\" class=\"et_pb_lightbox_image\" title=\"\"><span class=\"et_pb_image_wrap \"><img loading=\"lazy\" decoding=\"async\" width=\"2560\" height=\"1920\" src=\"https:\/\/www.stadjutor.com\/minientreprise\/wp-content\/uploads\/sites\/3\/2023\/11\/20231120_102811-scaled.jpg\" alt=\"\" title=\"20231120_102811\" srcset=\"https:\/\/www.stadjutor.com\/minientreprise\/wp-content\/uploads\/sites\/3\/2023\/11\/20231120_102811-scaled.jpg 2560w, https:\/\/www.stadjutor.com\/minientreprise\/wp-content\/uploads\/sites\/3\/2023\/11\/20231120_102811-1280x960.jpg 1280w, https:\/\/www.stadjutor.com\/minientreprise\/wp-content\/uploads\/sites\/3\/2023\/11\/20231120_102811-980x735.jpg 980w, https:\/\/www.stadjutor.com\/minientreprise\/wp-content\/uploads\/sites\/3\/2023\/11\/20231120_102811-480x360.jpg 480w\" sizes=\"(min-width: 0px) and (max-width: 480px) 480px, (min-width: 481px) and (max-width: 980px) 980px, (min-width: 981px) and (max-width: 1280px) 1280px, (min-width: 1281px) 2560px, 100vw\" class=\"wp-image-6100\" \/><\/span><\/a>\n\t\t\t<\/div>\n\t\t\t<\/div><div class=\"et_d4_element et_pb_column_1_4 et_pb_column et_pb_column_5  et_pb_css_mix_blend_mode et-last-child et_block_column\">\n\t\t\t\t\n\t\t\t\t\n\t\t\t\t\n\t\t\t\t\n\t\t\t\t<div class=\"et_pb_module et_d4_element et_pb_image et_pb_image_2\">\n\t\t\t\t\n\t\t\t\t\n\t\t\t\t\n\t\t\t\t\n\t\t\t\t<a href=\"https:\/\/www.stadjutor.com\/minientreprise\/wp-content\/uploads\/sites\/3\/2023\/11\/20231120_100657-scaled.jpg\" class=\"et_pb_lightbox_image\" title=\"\"><span class=\"et_pb_image_wrap \"><img loading=\"lazy\" decoding=\"async\" width=\"1571\" height=\"2560\" src=\"https:\/\/www.stadjutor.com\/minientreprise\/wp-content\/uploads\/sites\/3\/2023\/11\/20231120_100657-scaled.jpg\" alt=\"\" title=\"20231120_100657\" srcset=\"https:\/\/www.stadjutor.com\/minientreprise\/wp-content\/uploads\/sites\/3\/2023\/11\/20231120_100657-scaled.jpg 1571w, https:\/\/www.stadjutor.com\/minientreprise\/wp-content\/uploads\/sites\/3\/2023\/11\/20231120_100657-1280x2086.jpg 1280w, https:\/\/www.stadjutor.com\/minientreprise\/wp-content\/uploads\/sites\/3\/2023\/11\/20231120_100657-980x1597.jpg 980w, https:\/\/www.stadjutor.com\/minientreprise\/wp-content\/uploads\/sites\/3\/2023\/11\/20231120_100657-480x782.jpg 480w\" sizes=\"(min-width: 0px) and (max-width: 480px) 480px, (min-width: 481px) and (max-width: 980px) 980px, (min-width: 981px) and (max-width: 1280px) 1280px, (min-width: 1281px) 1571px, 100vw\" class=\"wp-image-6098\" \/><\/span><\/a>\n\t\t\t<\/div>\n\t\t\t<\/div>\n\t\t\t\t\n\t\t\t\t\n\t\t\t\t\n\t\t\t\t\n\t\t\t<\/div>\n\t\t\t\t\n\t\t\t\t\n\t\t\t<\/div><div class=\"et_d4_element et_pb_section et_pb_section_2 et_pb_with_background  et_pb_css_mix_blend_mode et_section_regular et_block_section\" >\n\t\t\t\t\n\t\t\t\t\n\t\t\t\t\n\t\t\t\t\n\t\t\t\t\n\t\t\t\t\n\t\t\t\t<div class=\"et_d4_element et_pb_row et_pb_row_4  et_pb_css_mix_blend_mode et_block_row\">\n\t\t\t\t<div class=\"et_d4_element et_pb_column_2_3 et_pb_column et_pb_column_6  et_pb_css_mix_blend_mode et_block_column\">\n\t\t\t\t\n\t\t\t\t\n\t\t\t\t\n\t\t\t\t\n\t\t\t\t<div class=\"et_pb_module et_d4_element et_pb_text et_pb_text_3  et_pb_text_align_left et_pb_bg_layout_light\">\n\t\t\t\t\n\t\t\t\t\n\t\t\t\t\n\t\t\t\t\n\t\t\t\t<div class=\"et_pb_text_inner\"><h2>Besoin d'un renseignement ?<\/h2><\/div>\n\t\t\t<\/div>\n\t\t\t<\/div><div class=\"et_d4_element et_pb_column_1_3 et_pb_column et_pb_column_7  et_pb_css_mix_blend_mode et-last-child et_block_column\">\n\t\t\t\t\n\t\t\t\t\n\t\t\t\t\n\t\t\t\t\n\t\t\t\t<div class=\"et_pb_button_module_wrapper et_pb_button_0_wrapper et_pb_button_alignment_right et_pb_module \">\n\t\t\t\t<a class=\"et_pb_button et_d4_element et_pb_button_0 et_hover_enabled et_pb_bg_layout_light et_block_module\" href=\"\/contact\">Contactez-nous<\/a>\n\t\t\t<\/div>\n\t\t\t<\/div>\n\t\t\t\t\n\t\t\t\t\n\t\t\t\t\n\t\t\t\t\n\t\t\t<\/div>\n\t\t\t\t\n\t\t\t\t\n\t\t\t<\/div><\/p>\n","protected":false},"excerpt":{"rendered":"","protected":false},"author":10,"featured_media":0,"parent":0,"menu_order":0,"comment_status":"closed","ping_status":"closed","template":"","meta":{"_et_pb_use_builder":"on","_et_pb_old_content":"","_et_gb_content_width":"","footnotes":""},"class_list":["post-6095","page","type-page","status-publish","hentry"],"_links":{"self":[{"href":"https:\/\/www.stadjutor.com\/minientreprise\/wp-json\/wp\/v2\/pages\/6095","targetHints":{"allow":["GET"]}}],"collection":[{"href":"https:\/\/www.stadjutor.com\/minientreprise\/wp-json\/wp\/v2\/pages"}],"about":[{"href":"https:\/\/www.stadjutor.com\/minientreprise\/wp-json\/wp\/v2\/types\/page"}],"author":[{"embeddable":true,"href":"https:\/\/www.stadjutor.com\/minientreprise\/wp-json\/wp\/v2\/users\/10"}],"replies":[{"embeddable":true,"href":"https:\/\/www.stadjutor.com\/minientreprise\/wp-json\/wp\/v2\/comments?post=6095"}],"version-history":[{"count":3,"href":"https:\/\/www.stadjutor.com\/minientreprise\/wp-json\/wp\/v2\/pages\/6095\/revisions"}],"predecessor-version":[{"id":6191,"href":"https:\/\/www.stadjutor.com\/minientreprise\/wp-json\/wp\/v2\/pages\/6095\/revisions\/6191"}],"wp:attachment":[{"href":"https:\/\/www.stadjutor.com\/minientreprise\/wp-json\/wp\/v2\/media?parent=6095"}],"curies":[{"name":"wp","href":"https:\/\/api.w.org\/{rel}","templated":true}]}}