{"id":6107,"date":"2023-11-27T15:47:20","date_gmt":"2023-11-27T14:47:20","guid":{"rendered":"https:\/\/www.stadjutor.com\/minientreprise\/?page_id=6107"},"modified":"2024-09-03T10:50:50","modified_gmt":"2024-09-03T08:50:50","slug":"7e-jour","status":"publish","type":"page","link":"https:\/\/www.stadjutor.com\/minientreprise\/7e-jour","title":{"rendered":"PA &#8211; 7e jour"},"content":{"rendered":"<p><div class=\"et_d4_element et_pb_section et_pb_section_0 et_pb_with_background  et_pb_css_mix_blend_mode et_section_regular section_has_divider et_pb_bottom_divider et_block_section\" >\n\t\t\t\t\n\t\t\t\t\n\t\t\t\t\n\t\t\t\t\n\t\t\t\t\n\t\t\t\t\n\t\t\t\t<div class=\"et_d4_element et_pb_row et_pb_row_0  et_pb_css_mix_blend_mode et_block_row\">\n\t\t\t\t<div class=\"et_d4_element et_pb_column_4_4 et_pb_column et_pb_column_0  et_pb_css_mix_blend_mode et-last-child et_block_column\">\n\t\t\t\t\n\t\t\t\t\n\t\t\t\t\n\t\t\t\t\n\t\t\t\t<div class=\"et_pb_module et_d4_element et_pb_text et_pb_text_0  et_pb_text_align_center et_pb_bg_layout_dark\">\n\t\t\t\t\n\t\t\t\t\n\t\t\t\t\n\t\t\t\t\n\t\t\t\t<div class=\"et_pb_text_inner\"><h1>Projet de l'ann\u00e9e<\/h1>\n<h3>D\u00e9couvrez le projet<\/h3><\/div>\n\t\t\t<\/div>\n\t\t\t<\/div>\n\t\t\t\t\n\t\t\t\t\n\t\t\t\t\n\t\t\t\t\n\t\t\t<\/div>\n\t\t\t\t\n\t\t\t\t<div class=\"et_pb_bottom_inside_divider et-no-transition\"><\/div>\n\t\t\t<\/div><div class=\"et_d4_element et_pb_section et_pb_section_1  et_pb_css_mix_blend_mode et_section_regular et_block_section\" >\n\t\t\t\t\n\t\t\t\t\n\t\t\t\t\n\t\t\t\t\n\t\t\t\t\n\t\t\t\t\n\t\t\t\t<div class=\"et_d4_element et_pb_row et_pb_row_1  et_pb_css_mix_blend_mode et_block_row\">\n\t\t\t\t<div class=\"et_d4_element et_pb_column_4_4 et_pb_column et_pb_column_1  et_pb_css_mix_blend_mode et-last-child et_block_column\">\n\t\t\t\t\n\t\t\t\t\n\t\t\t\t\n\t\t\t\t\n\t\t\t\t<div class=\"et_pb_module et_d4_element et_pb_text et_pb_text_1  et_pb_text_align_left et_pb_bg_layout_light\">\n\t\t\t\t\n\t\t\t\t\n\t\t\t\t\n\t\t\t\t\n\t\t\t\t<div class=\"et_pb_text_inner\"><h2>Une journ\u00e9e pleine de pr\u00e9paration !\u00a0<\/h2><\/div>\n\t\t\t<\/div>\n\t\t\t<\/div>\n\t\t\t\t\n\t\t\t\t\n\t\t\t\t\n\t\t\t\t\n\t\t\t<\/div><div class=\"et_d4_element et_pb_row et_pb_row_2  et_pb_css_mix_blend_mode et_block_row\">\n\t\t\t\t<div class=\"et_d4_element et_pb_column_4_4 et_pb_column et_pb_column_2  et_pb_css_mix_blend_mode et-last-child et_block_column\">\n\t\t\t\t\n\t\t\t\t\n\t\t\t\t\n\t\t\t\t\n\t\t\t\t<div class=\"et_pb_module et_d4_element et_pb_text et_pb_text_2  et_pb_text_align_left et_pb_bg_layout_light\">\n\t\t\t\t\n\t\t\t\t\n\t\t\t\t\n\t\t\t\t\n\t\t\t\t<div class=\"et_pb_text_inner\"><p>Pour cette s\u00e9ance de mini-entreprise de ce matin, beaucoup de choses ont \u00e9t\u00e9 vues !\u00a0<\/p><\/div>\n\t\t\t<\/div>\n\t\t\t<\/div>\n\t\t\t\t\n\t\t\t\t\n\t\t\t\t\n\t\t\t\t\n\t\t\t<\/div><div class=\"et_d4_element et_pb_row et_pb_row_3  et_pb_css_mix_blend_mode et_block_row\">\n\t\t\t\t<div class=\"et_d4_element et_pb_column_3_5 et_pb_column et_pb_column_3  et_pb_css_mix_blend_mode et_block_column\">\n\t\t\t\t\n\t\t\t\t\n\t\t\t\t\n\t\t\t\t\n\t\t\t\t<div class=\"et_pb_module et_d4_element et_pb_text et_pb_text_3  et_pb_text_align_left et_pb_bg_layout_light\">\n\t\t\t\t\n\t\t\t\t\n\t\t\t\t\n\t\t\t\t\n\t\t\t\t<div class=\"et_pb_text_inner\"><p>Tout d'abord, l'\u00e9quipe a commenc\u00e9 la s\u00e9ance avec une derni\u00e8re mise au point concernant les entretiens qui auront lieu <strong>la semaine prochaine<\/strong> afin de mettre en place chaque service !<\/p>\n<p>Les derni\u00e8res questions et derni\u00e8res pr\u00e9cisions sur les entretiens et les CV \u00e0 apporter pour l'occasion et notamment de bien pr\u00e9senter le r\u00f4le et l'activit\u00e9 de la mini-entreprise afin d'\u00eatre le plus clair possible \u00e0 l'oral !<\/p><\/div>\n\t\t\t<\/div>\n\t\t\t<\/div><div class=\"et_d4_element et_pb_column_2_5 et_pb_column et_pb_column_4  et_pb_css_mix_blend_mode et-last-child et_block_column\">\n\t\t\t\t\n\t\t\t\t\n\t\t\t\t\n\t\t\t\t\n\t\t\t\t<div class=\"et_pb_module et_d4_element et_pb_image et_pb_image_0\">\n\t\t\t\t\n\t\t\t\t\n\t\t\t\t\n\t\t\t\t\n\t\t\t\t<span class=\"et_pb_image_wrap \"><img loading=\"lazy\" decoding=\"async\" width=\"500\" height=\"499\" src=\"https:\/\/www.stadjutor.com\/minientreprise\/wp-content\/uploads\/sites\/3\/2023\/11\/713tz9cgTcL._AC_UF1000_1000_QL80_-removebg-preview-1.png\" alt=\"\" title=\"713tz9cgTcL._AC_UF1000_1000_QL80_-removebg-preview (1)\" srcset=\"https:\/\/www.stadjutor.com\/minientreprise\/wp-content\/uploads\/sites\/3\/2023\/11\/713tz9cgTcL._AC_UF1000_1000_QL80_-removebg-preview-1.png 500w, https:\/\/www.stadjutor.com\/minientreprise\/wp-content\/uploads\/sites\/3\/2023\/11\/713tz9cgTcL._AC_UF1000_1000_QL80_-removebg-preview-1-480x479.png 480w\" sizes=\"(min-width: 0px) and (max-width: 480px) 480px, (min-width: 481px) 500px, 100vw\" class=\"wp-image-6110\" \/><\/span>\n\t\t\t<\/div>\n\t\t\t<\/div>\n\t\t\t\t\n\t\t\t\t\n\t\t\t\t\n\t\t\t\t\n\t\t\t<\/div><div class=\"et_d4_element et_pb_row et_pb_row_4  et_pb_css_mix_blend_mode et_block_row\">\n\t\t\t\t<div class=\"et_d4_element et_pb_column_4_4 et_pb_column et_pb_column_5  et_pb_css_mix_blend_mode et-last-child et_block_column\">\n\t\t\t\t\n\t\t\t\t\n\t\t\t\t\n\t\t\t\t\n\t\t\t\t<div class=\"et_pb_module et_d4_element et_pb_text et_pb_text_4  et_pb_text_align_left et_pb_bg_layout_light\">\n\t\t\t\t\n\t\t\t\t\n\t\t\t\t\n\t\t\t\t\n\t\t\t\t<div class=\"et_pb_text_inner\"><p style=\"text-align: center;\">Ensuite, nous avons poursuivi notre s\u00e9ance en parlant de notre prochain projet : <strong>le march\u00e9 de no\u00ebl annuel \u00e0 Saint-Adjutor<\/strong> !!\u00a0<\/p><\/div>\n\t\t\t<\/div><div class=\"et_pb_module et_d4_element et_pb_text et_pb_text_5  et_pb_text_align_left et_pb_bg_layout_light\">\n\t\t\t\t\n\t\t\t\t\n\t\t\t\t\n\t\t\t\t\n\t\t\t\t<div class=\"et_pb_text_inner\"><p style=\"text-align: center;\">Un projet que l'\u00e9quipe avait en t\u00eate depuis un bon moment d\u00e9j\u00e0 mais cette fois-ci cela devient plus concret avec plusieurs id\u00e9es d'objet propos\u00e9es \u00e0 la vente, de possibles activit\u00e9s et plus... Affaire \u00e0 suivre !\u00a0<\/p><\/div>\n\t\t\t<\/div>\n\t\t\t<\/div>\n\t\t\t\t\n\t\t\t\t\n\t\t\t\t\n\t\t\t\t\n\t\t\t<\/div><div class=\"et_d4_element et_pb_row et_pb_row_5  et_pb_css_mix_blend_mode et_block_row\">\n\t\t\t\t<div class=\"et_d4_element et_pb_column_2_5 et_pb_column et_pb_column_6  et_pb_css_mix_blend_mode et_block_column\">\n\t\t\t\t\n\t\t\t\t\n\t\t\t\t\n\t\t\t\t\n\t\t\t\t<div class=\"et_pb_module et_d4_element et_pb_image et_pb_image_1\">\n\t\t\t\t\n\t\t\t\t\n\t\t\t\t\n\t\t\t\t\n\t\t\t\t<span class=\"et_pb_image_wrap \"><img loading=\"lazy\" decoding=\"async\" width=\"1080\" height=\"1080\" src=\"https:\/\/www.stadjutor.com\/minientreprise\/wp-content\/uploads\/sites\/3\/2023\/11\/Ajouter-un-titre.png\" alt=\"\" title=\"Ajouter un titre\" srcset=\"https:\/\/www.stadjutor.com\/minientreprise\/wp-content\/uploads\/sites\/3\/2023\/11\/Ajouter-un-titre.png 1080w, https:\/\/www.stadjutor.com\/minientreprise\/wp-content\/uploads\/sites\/3\/2023\/11\/Ajouter-un-titre-980x980.png 980w, https:\/\/www.stadjutor.com\/minientreprise\/wp-content\/uploads\/sites\/3\/2023\/11\/Ajouter-un-titre-480x480.png 480w\" sizes=\"(min-width: 0px) and (max-width: 480px) 480px, (min-width: 481px) and (max-width: 980px) 980px, (min-width: 981px) 1080px, 100vw\" class=\"wp-image-6111\" \/><\/span>\n\t\t\t<\/div>\n\t\t\t<\/div><div class=\"et_d4_element et_pb_column_3_5 et_pb_column et_pb_column_7  et_pb_css_mix_blend_mode et-last-child et_block_column\">\n\t\t\t\t\n\t\t\t\t\n\t\t\t\t\n\t\t\t\t\n\t\t\t\t<div class=\"et_pb_module et_d4_element et_pb_text et_pb_text_6  et_pb_text_align_left et_pb_bg_layout_light\">\n\t\t\t\t\n\t\t\t\t\n\t\t\t\t\n\t\t\t\t\n\t\t\t\t<div class=\"et_pb_text_inner\"><p>Enfin, nous avons termin\u00e9 avec note de fiert\u00e9 et... <strong><span style=\"color: #ff00ff;\">rose<\/span> <\/strong>!<\/p>\n<p>Suite \u00e0 l'initiative propos\u00e9e par notre \u00e9quipe de tenir un stand afin d'y offrir des <strong>rubans roses<\/strong> \u00e0 chaque participant du cross organis\u00e9 le 20 octobre dernier, nous avons pu faire les comptes et ainsi d\u00e9couvrir que <strong>96.23\u20ac<\/strong> ont \u00e9t\u00e9 offert en dons lors de cette journ\u00e9e !<\/p>\n<p>Cette somme reviendra donc \u00e0 <strong>la ligue contre le cancer<\/strong> !<\/p>\n<p>Nous nous sommes alors d\u00e9plac\u00e9s afin de remettre cette somme amass\u00e9e \u00e0 notre infirmi\u00e8re, Mme. PARISY, et donc acter cette franche r\u00e9ussite !<\/p><\/div>\n\t\t\t<\/div>\n\t\t\t<\/div>\n\t\t\t\t\n\t\t\t\t\n\t\t\t\t\n\t\t\t\t\n\t\t\t<\/div>\n\t\t\t\t\n\t\t\t\t\n\t\t\t<\/div><div class=\"et_d4_element et_pb_section et_pb_section_2 et_pb_with_background  et_pb_css_mix_blend_mode et_section_regular et_block_section\" >\n\t\t\t\t\n\t\t\t\t\n\t\t\t\t\n\t\t\t\t\n\t\t\t\t\n\t\t\t\t\n\t\t\t\t<div class=\"et_d4_element et_pb_row et_pb_row_6  et_pb_css_mix_blend_mode et_block_row\">\n\t\t\t\t<div class=\"et_d4_element et_pb_column_2_3 et_pb_column et_pb_column_8  et_pb_css_mix_blend_mode et_block_column\">\n\t\t\t\t\n\t\t\t\t\n\t\t\t\t\n\t\t\t\t\n\t\t\t\t<div class=\"et_pb_module et_d4_element et_pb_text et_pb_text_7  et_pb_text_align_left et_pb_bg_layout_light\">\n\t\t\t\t\n\t\t\t\t\n\t\t\t\t\n\t\t\t\t\n\t\t\t\t<div class=\"et_pb_text_inner\"><h2>Besoin d'un renseignement ?<\/h2><\/div>\n\t\t\t<\/div>\n\t\t\t<\/div><div class=\"et_d4_element et_pb_column_1_3 et_pb_column et_pb_column_9  et_pb_css_mix_blend_mode et-last-child et_block_column\">\n\t\t\t\t\n\t\t\t\t\n\t\t\t\t\n\t\t\t\t\n\t\t\t\t<div class=\"et_pb_button_module_wrapper et_pb_button_0_wrapper et_pb_button_alignment_right et_pb_module \">\n\t\t\t\t<a class=\"et_pb_button et_d4_element et_pb_button_0 et_hover_enabled et_pb_bg_layout_light et_block_module\" href=\"\/contact\">Contactez-nous<\/a>\n\t\t\t<\/div>\n\t\t\t<\/div>\n\t\t\t\t\n\t\t\t\t\n\t\t\t\t\n\t\t\t\t\n\t\t\t<\/div>\n\t\t\t\t\n\t\t\t\t\n\t\t\t<\/div><\/p>\n","protected":false},"excerpt":{"rendered":"","protected":false},"author":10,"featured_media":0,"parent":0,"menu_order":0,"comment_status":"closed","ping_status":"closed","template":"","meta":{"_et_pb_use_builder":"on","_et_pb_old_content":"","_et_gb_content_width":"","footnotes":""},"class_list":["post-6107","page","type-page","status-publish","hentry"],"_links":{"self":[{"href":"https:\/\/www.stadjutor.com\/minientreprise\/wp-json\/wp\/v2\/pages\/6107","targetHints":{"allow":["GET"]}}],"collection":[{"href":"https:\/\/www.stadjutor.com\/minientreprise\/wp-json\/wp\/v2\/pages"}],"about":[{"href":"https:\/\/www.stadjutor.com\/minientreprise\/wp-json\/wp\/v2\/types\/page"}],"author":[{"embeddable":true,"href":"https:\/\/www.stadjutor.com\/minientreprise\/wp-json\/wp\/v2\/users\/10"}],"replies":[{"embeddable":true,"href":"https:\/\/www.stadjutor.com\/minientreprise\/wp-json\/wp\/v2\/comments?post=6107"}],"version-history":[{"count":3,"href":"https:\/\/www.stadjutor.com\/minientreprise\/wp-json\/wp\/v2\/pages\/6107\/revisions"}],"predecessor-version":[{"id":6192,"href":"https:\/\/www.stadjutor.com\/minientreprise\/wp-json\/wp\/v2\/pages\/6107\/revisions\/6192"}],"wp:attachment":[{"href":"https:\/\/www.stadjutor.com\/minientreprise\/wp-json\/wp\/v2\/media?parent=6107"}],"curies":[{"name":"wp","href":"https:\/\/api.w.org\/{rel}","templated":true}]}}