{"id":6142,"date":"2024-05-28T15:57:51","date_gmt":"2024-05-28T13:57:51","guid":{"rendered":"https:\/\/www.stadjutor.com\/minientreprise\/?page_id=6142"},"modified":"2024-09-03T10:51:18","modified_gmt":"2024-09-03T08:51:18","slug":"9e-jour","status":"publish","type":"page","link":"https:\/\/www.stadjutor.com\/minientreprise\/9e-jour","title":{"rendered":"PA &#8211; 9e jour"},"content":{"rendered":"<p><div class=\"et_d4_element et_pb_section et_pb_section_0 et_pb_with_background  et_pb_css_mix_blend_mode et_section_regular section_has_divider et_pb_bottom_divider et_block_section\" >\n\t\t\t\t\n\t\t\t\t\n\t\t\t\t\n\t\t\t\t\n\t\t\t\t\n\t\t\t\t\n\t\t\t\t<div class=\"et_d4_element et_pb_row et_pb_row_0  et_pb_css_mix_blend_mode et_block_row\">\n\t\t\t\t<div class=\"et_d4_element et_pb_column_4_4 et_pb_column et_pb_column_0  et_pb_css_mix_blend_mode et-last-child et_block_column\">\n\t\t\t\t\n\t\t\t\t\n\t\t\t\t\n\t\t\t\t\n\t\t\t\t<div class=\"et_pb_module et_d4_element et_pb_text et_pb_text_0  et_pb_text_align_center et_pb_bg_layout_dark\">\n\t\t\t\t\n\t\t\t\t\n\t\t\t\t\n\t\t\t\t\n\t\t\t\t<div class=\"et_pb_text_inner\"><h1>Projet de l'ann\u00e9e<\/h1>\n<h3>D\u00e9couvrez le projet<\/h3><\/div>\n\t\t\t<\/div>\n\t\t\t<\/div>\n\t\t\t\t\n\t\t\t\t\n\t\t\t\t\n\t\t\t\t\n\t\t\t<\/div>\n\t\t\t\t\n\t\t\t\t<div class=\"et_pb_bottom_inside_divider et-no-transition\"><\/div>\n\t\t\t<\/div><div class=\"et_d4_element et_pb_section et_pb_section_1  et_pb_css_mix_blend_mode et_section_regular et_block_section\" >\n\t\t\t\t\n\t\t\t\t\n\t\t\t\t\n\t\t\t\t\n\t\t\t\t\n\t\t\t\t\n\t\t\t\t<div class=\"et_d4_element et_pb_row et_pb_row_1  et_pb_css_mix_blend_mode et_block_row\">\n\t\t\t\t<div class=\"et_d4_element et_pb_column_4_4 et_pb_column et_pb_column_1  et_pb_css_mix_blend_mode et-last-child et_block_column\">\n\t\t\t\t\n\t\t\t\t\n\t\t\t\t\n\t\t\t\t\n\t\t\t\t<div class=\"et_pb_module et_d4_element et_pb_text et_pb_text_1  et_pb_text_align_left et_pb_bg_layout_light\">\n\t\t\t\t\n\t\t\t\t\n\t\t\t\t\n\t\t\t\t\n\t\t\t\t<div class=\"et_pb_text_inner\"><h2>Retour sur la foire expo de Rouen 2024 !<\/h2><\/div>\n\t\t\t<\/div>\n\t\t\t<\/div>\n\t\t\t\t\n\t\t\t\t\n\t\t\t\t\n\t\t\t\t\n\t\t\t<\/div><div class=\"et_d4_element et_pb_row et_pb_row_2  et_pb_css_mix_blend_mode et_block_row\">\n\t\t\t\t<div class=\"et_d4_element et_pb_column_4_4 et_pb_column et_pb_column_2  et_pb_css_mix_blend_mode et-last-child et_block_column\">\n\t\t\t\t\n\t\t\t\t\n\t\t\t\t\n\t\t\t\t\n\t\t\t\t<div class=\"et_pb_module et_d4_element et_pb_text et_pb_text_2  et_pb_text_align_left et_pb_bg_layout_light\">\n\t\t\t\t\n\t\t\t\t\n\t\t\t\t\n\t\t\t\t\n\t\t\t\t<div class=\"et_pb_text_inner\"><p><span>Le mardi 2 avril dernier, c'\u00e9tait enfin le jour J pour notre mini-entreprise Pin's Addict qui s'est rendue \u00e0 Rouen pour participer \u00e0 la Foire Expo !<\/span><\/p><\/div>\n\t\t\t<\/div>\n\t\t\t<\/div>\n\t\t\t\t\n\t\t\t\t\n\t\t\t\t\n\t\t\t\t\n\t\t\t<\/div><div class=\"et_d4_element et_pb_row et_pb_row_3  et_pb_css_mix_blend_mode et_block_row\">\n\t\t\t\t<div class=\"et_d4_element et_pb_column_3_5 et_pb_column et_pb_column_3  et_pb_css_mix_blend_mode et_block_column\">\n\t\t\t\t\n\t\t\t\t\n\t\t\t\t\n\t\t\t\t\n\t\t\t\t<div class=\"et_pb_module et_d4_element et_pb_text et_pb_text_3  et_pb_text_align_left et_pb_bg_layout_light\">\n\t\t\t\t\n\t\t\t\t\n\t\t\t\t\n\t\t\t\t\n\t\t\t\t<div class=\"et_pb_text_inner\"><p><span>Apr\u00e8s un d\u00e9part matinal de Saint-Adjutor, l'\u00e9quipe est arriv\u00e9e vers 9h pour installer le stand et se pr\u00e9parer pour l'arriv\u00e9e des premiers visiteurs \u00e0 10h\u00a0<\/span><\/p>\n<p>&nbsp;<\/p>\n<p><span>Suivant un planning \u00e9tabli par Cl\u00e9mence, responsable de l'\u00e9quipe administrative, les mini-entrepreneurs ont su g\u00e9rer le stand \u00e0 tour de r\u00f4le entre relation client, vente et gravure des pin's en bois !\u00a0<\/span><\/p>\n<p><span>Pendant ce temps, ceux qui n'\u00e9taient pas sur le stand ont pu profiter et visiter la Foire Expo et d\u00e9couvrir ce que les autres mini-entrepreneurs normands proposaient sur leur stand !<\/span><\/p><\/div>\n\t\t\t<\/div>\n\t\t\t<\/div><div class=\"et_d4_element et_pb_column_2_5 et_pb_column et_pb_column_4  et_pb_css_mix_blend_mode et-last-child et_block_column\">\n\t\t\t\t\n\t\t\t\t\n\t\t\t\t\n\t\t\t\t\n\t\t\t\t<div class=\"et_pb_module et_d4_element et_pb_image et_pb_image_0\">\n\t\t\t\t\n\t\t\t\t\n\t\t\t\t\n\t\t\t\t\n\t\t\t\t<a href=\"https:\/\/www.stadjutor.com\/minientreprise\/wp-content\/uploads\/sites\/3\/2024\/05\/436428710_1098842458010480_2929036230260438175_n.jpg\" class=\"et_pb_lightbox_image\" title=\"\"><span class=\"et_pb_image_wrap \"><img loading=\"lazy\" decoding=\"async\" width=\"1080\" height=\"1080\" src=\"https:\/\/www.stadjutor.com\/minientreprise\/wp-content\/uploads\/sites\/3\/2024\/05\/436428710_1098842458010480_2929036230260438175_n.jpg\" alt=\"\" title=\"436428710_1098842458010480_2929036230260438175_n\" srcset=\"https:\/\/www.stadjutor.com\/minientreprise\/wp-content\/uploads\/sites\/3\/2024\/05\/436428710_1098842458010480_2929036230260438175_n.jpg 1080w, https:\/\/www.stadjutor.com\/minientreprise\/wp-content\/uploads\/sites\/3\/2024\/05\/436428710_1098842458010480_2929036230260438175_n-980x980.jpg 980w, https:\/\/www.stadjutor.com\/minientreprise\/wp-content\/uploads\/sites\/3\/2024\/05\/436428710_1098842458010480_2929036230260438175_n-480x480.jpg 480w\" sizes=\"(min-width: 0px) and (max-width: 480px) 480px, (min-width: 481px) and (max-width: 980px) 980px, (min-width: 981px) 1080px, 100vw\" class=\"wp-image-6145\" \/><\/span><\/a>\n\t\t\t<\/div>\n\t\t\t<\/div>\n\t\t\t\t\n\t\t\t\t\n\t\t\t\t\n\t\t\t\t\n\t\t\t<\/div><div class=\"et_d4_element et_pb_row et_pb_row_4  et_pb_css_mix_blend_mode et_block_row\">\n\t\t\t\t<div class=\"et_d4_element et_pb_column_1_2 et_pb_column et_pb_column_5  et_pb_css_mix_blend_mode et_block_column\">\n\t\t\t\t\n\t\t\t\t\n\t\t\t\t\n\t\t\t\t\n\t\t\t\t<div class=\"et_pb_module et_d4_element et_pb_image et_pb_image_1\">\n\t\t\t\t\n\t\t\t\t\n\t\t\t\t\n\t\t\t\t\n\t\t\t\t<a href=\"https:\/\/www.stadjutor.com\/minientreprise\/wp-content\/uploads\/sites\/3\/2024\/05\/436270249_738995538412833_8209342959746573140_n.jpg\" class=\"et_pb_lightbox_image\" title=\"\"><span class=\"et_pb_image_wrap \"><img loading=\"lazy\" decoding=\"async\" width=\"1080\" height=\"1080\" src=\"https:\/\/www.stadjutor.com\/minientreprise\/wp-content\/uploads\/sites\/3\/2024\/05\/436270249_738995538412833_8209342959746573140_n.jpg\" alt=\"\" title=\"436270249_738995538412833_8209342959746573140_n\" srcset=\"https:\/\/www.stadjutor.com\/minientreprise\/wp-content\/uploads\/sites\/3\/2024\/05\/436270249_738995538412833_8209342959746573140_n.jpg 1080w, https:\/\/www.stadjutor.com\/minientreprise\/wp-content\/uploads\/sites\/3\/2024\/05\/436270249_738995538412833_8209342959746573140_n-980x980.jpg 980w, https:\/\/www.stadjutor.com\/minientreprise\/wp-content\/uploads\/sites\/3\/2024\/05\/436270249_738995538412833_8209342959746573140_n-480x480.jpg 480w\" sizes=\"(min-width: 0px) and (max-width: 480px) 480px, (min-width: 481px) and (max-width: 980px) 980px, (min-width: 981px) 1080px, 100vw\" class=\"wp-image-6147\" \/><\/span><\/a>\n\t\t\t<\/div>\n\t\t\t<\/div><div class=\"et_d4_element et_pb_column_1_2 et_pb_column et_pb_column_6  et_pb_css_mix_blend_mode et-last-child et_block_column\">\n\t\t\t\t\n\t\t\t\t\n\t\t\t\t\n\t\t\t\t\n\t\t\t\t<div class=\"et_pb_module et_d4_element et_pb_image et_pb_image_2\">\n\t\t\t\t\n\t\t\t\t\n\t\t\t\t\n\t\t\t\t\n\t\t\t\t<a href=\"https:\/\/www.stadjutor.com\/minientreprise\/wp-content\/uploads\/sites\/3\/2024\/05\/436299302_977880960608882_3473599270362196312_n.jpg\" class=\"et_pb_lightbox_image\" title=\"\"><span class=\"et_pb_image_wrap \"><img loading=\"lazy\" decoding=\"async\" width=\"1080\" height=\"1080\" src=\"https:\/\/www.stadjutor.com\/minientreprise\/wp-content\/uploads\/sites\/3\/2024\/05\/436299302_977880960608882_3473599270362196312_n.jpg\" alt=\"\" title=\"436299302_977880960608882_3473599270362196312_n\" srcset=\"https:\/\/www.stadjutor.com\/minientreprise\/wp-content\/uploads\/sites\/3\/2024\/05\/436299302_977880960608882_3473599270362196312_n.jpg 1080w, https:\/\/www.stadjutor.com\/minientreprise\/wp-content\/uploads\/sites\/3\/2024\/05\/436299302_977880960608882_3473599270362196312_n-980x980.jpg 980w, https:\/\/www.stadjutor.com\/minientreprise\/wp-content\/uploads\/sites\/3\/2024\/05\/436299302_977880960608882_3473599270362196312_n-480x480.jpg 480w\" sizes=\"(min-width: 0px) and (max-width: 480px) 480px, (min-width: 481px) and (max-width: 980px) 980px, (min-width: 981px) 1080px, 100vw\" class=\"wp-image-6148\" \/><\/span><\/a>\n\t\t\t<\/div>\n\t\t\t<\/div>\n\t\t\t\t\n\t\t\t\t\n\t\t\t\t\n\t\t\t\t\n\t\t\t<\/div><div class=\"et_d4_element et_pb_row et_pb_row_5  et_pb_css_mix_blend_mode et_block_row\">\n\t\t\t\t<div class=\"et_d4_element et_pb_column_4_4 et_pb_column et_pb_column_7  et_pb_css_mix_blend_mode et-last-child et_block_column\">\n\t\t\t\t\n\t\t\t\t\n\t\t\t\t\n\t\t\t\t\n\t\t\t\t<div class=\"et_pb_module et_d4_element et_pb_text et_pb_text_4  et_pb_text_align_left et_pb_bg_layout_light\">\n\t\t\t\t\n\t\t\t\t\n\t\t\t\t\n\t\t\t\t\n\t\t\t\t<div class=\"et_pb_text_inner\"><p style=\"text-align: center;\"><span>En fin de journ\u00e9e, apr\u00e8s un moment de remerciements organis\u00e9 par EPA, notre \u00e9quipe a pris le chemin du retour vers Saint-Adjutor \ud83d\udc4f<\/span><br \/><span>Une belle exp\u00e9rience qui leur laissera de beaux souvenirs !\u00a0<\/span><\/p><\/div>\n\t\t\t<\/div>\n\t\t\t<\/div>\n\t\t\t\t\n\t\t\t\t\n\t\t\t\t\n\t\t\t\t\n\t\t\t<\/div><div class=\"et_d4_element et_pb_row et_pb_row_6  et_pb_css_mix_blend_mode et_block_row\">\n\t\t\t\t<div class=\"et_d4_element et_pb_column_2_5 et_pb_column et_pb_column_8  et_pb_css_mix_blend_mode et_block_column\">\n\t\t\t\t\n\t\t\t\t\n\t\t\t\t\n\t\t\t\t\n\t\t\t\t<div class=\"et_pb_module et_d4_element et_pb_image et_pb_image_3\">\n\t\t\t\t\n\t\t\t\t\n\t\t\t\t\n\t\t\t\t\n\t\t\t\t<a href=\"https:\/\/www.stadjutor.com\/minientreprise\/wp-content\/uploads\/sites\/3\/2024\/05\/436205480_457551519940511_7182943281428952072_n.jpg\" class=\"et_pb_lightbox_image\" title=\"\"><span class=\"et_pb_image_wrap \"><img loading=\"lazy\" decoding=\"async\" width=\"1080\" height=\"1080\" src=\"https:\/\/www.stadjutor.com\/minientreprise\/wp-content\/uploads\/sites\/3\/2024\/05\/436205480_457551519940511_7182943281428952072_n.jpg\" alt=\"\" title=\"436205480_457551519940511_7182943281428952072_n\" srcset=\"https:\/\/www.stadjutor.com\/minientreprise\/wp-content\/uploads\/sites\/3\/2024\/05\/436205480_457551519940511_7182943281428952072_n.jpg 1080w, https:\/\/www.stadjutor.com\/minientreprise\/wp-content\/uploads\/sites\/3\/2024\/05\/436205480_457551519940511_7182943281428952072_n-980x980.jpg 980w, https:\/\/www.stadjutor.com\/minientreprise\/wp-content\/uploads\/sites\/3\/2024\/05\/436205480_457551519940511_7182943281428952072_n-480x480.jpg 480w\" sizes=\"(min-width: 0px) and (max-width: 480px) 480px, (min-width: 481px) and (max-width: 980px) 980px, (min-width: 981px) 1080px, 100vw\" class=\"wp-image-6146\" \/><\/span><\/a>\n\t\t\t<\/div>\n\t\t\t<\/div><div class=\"et_d4_element et_pb_column_3_5 et_pb_column et_pb_column_9  et_pb_css_mix_blend_mode et-last-child et_block_column\">\n\t\t\t\t\n\t\t\t\t\n\t\t\t\t\n\t\t\t\t\n\t\t\t\t<div class=\"et_pb_module et_d4_element et_pb_text et_pb_text_5  et_pb_text_align_left et_pb_bg_layout_light\">\n\t\t\t\t\n\t\t\t\t\n\t\t\t\t\n\t\t\t\t\n\t\t\t\t<div class=\"et_pb_text_inner\"><p><span>\u2753Et maintenant quelle est la prochaine \u00e9tape pour notre \u00e9quipe ?<\/span><br \/><span>\ud83d\uddd3Notez la date du 21 mai \u00e0 \u00c9vreux o\u00f9 nous participerons au festival des mini-entreprises au cours de quel 5 mini-entrepreneurs devront tenir un stand et pr\u00e9senter un pitch de 3 minutes d\u00e9crivant leur projet ! \ud83d\udcaa<\/span><\/p>\n<p><span>\u00c0 tr\u00e8s vite !<\/span><\/p><\/div>\n\t\t\t<\/div>\n\t\t\t<\/div>\n\t\t\t\t\n\t\t\t\t\n\t\t\t\t\n\t\t\t\t\n\t\t\t<\/div>\n\t\t\t\t\n\t\t\t\t\n\t\t\t<\/div><div class=\"et_d4_element et_pb_section et_pb_section_2 et_pb_with_background  et_pb_css_mix_blend_mode et_section_regular et_block_section\" >\n\t\t\t\t\n\t\t\t\t\n\t\t\t\t\n\t\t\t\t\n\t\t\t\t\n\t\t\t\t\n\t\t\t\t<div class=\"et_d4_element et_pb_row et_pb_row_7  et_pb_css_mix_blend_mode et_block_row\">\n\t\t\t\t<div class=\"et_d4_element et_pb_column_2_3 et_pb_column et_pb_column_10  et_pb_css_mix_blend_mode et_block_column\">\n\t\t\t\t\n\t\t\t\t\n\t\t\t\t\n\t\t\t\t\n\t\t\t\t<div class=\"et_pb_module et_d4_element et_pb_text et_pb_text_6  et_pb_text_align_left et_pb_bg_layout_light\">\n\t\t\t\t\n\t\t\t\t\n\t\t\t\t\n\t\t\t\t\n\t\t\t\t<div class=\"et_pb_text_inner\"><h2>Besoin d'un renseignement ?<\/h2><\/div>\n\t\t\t<\/div>\n\t\t\t<\/div><div class=\"et_d4_element et_pb_column_1_3 et_pb_column et_pb_column_11  et_pb_css_mix_blend_mode et-last-child et_block_column\">\n\t\t\t\t\n\t\t\t\t\n\t\t\t\t\n\t\t\t\t\n\t\t\t\t<div class=\"et_pb_button_module_wrapper et_pb_button_0_wrapper et_pb_button_alignment_right et_pb_module \">\n\t\t\t\t<a class=\"et_pb_button et_d4_element et_pb_button_0 et_hover_enabled et_pb_bg_layout_light et_block_module\" href=\"\/contact\">Contactez-nous<\/a>\n\t\t\t<\/div>\n\t\t\t<\/div>\n\t\t\t\t\n\t\t\t\t\n\t\t\t\t\n\t\t\t\t\n\t\t\t<\/div>\n\t\t\t\t\n\t\t\t\t\n\t\t\t<\/div><\/p>\n","protected":false},"excerpt":{"rendered":"","protected":false},"author":10,"featured_media":0,"parent":0,"menu_order":0,"comment_status":"closed","ping_status":"closed","template":"","meta":{"_et_pb_use_builder":"on","_et_pb_old_content":"","_et_gb_content_width":"","footnotes":""},"class_list":["post-6142","page","type-page","status-publish","hentry"],"_links":{"self":[{"href":"https:\/\/www.stadjutor.com\/minientreprise\/wp-json\/wp\/v2\/pages\/6142","targetHints":{"allow":["GET"]}}],"collection":[{"href":"https:\/\/www.stadjutor.com\/minientreprise\/wp-json\/wp\/v2\/pages"}],"about":[{"href":"https:\/\/www.stadjutor.com\/minientreprise\/wp-json\/wp\/v2\/types\/page"}],"author":[{"embeddable":true,"href":"https:\/\/www.stadjutor.com\/minientreprise\/wp-json\/wp\/v2\/users\/10"}],"replies":[{"embeddable":true,"href":"https:\/\/www.stadjutor.com\/minientreprise\/wp-json\/wp\/v2\/comments?post=6142"}],"version-history":[{"count":3,"href":"https:\/\/www.stadjutor.com\/minientreprise\/wp-json\/wp\/v2\/pages\/6142\/revisions"}],"predecessor-version":[{"id":6194,"href":"https:\/\/www.stadjutor.com\/minientreprise\/wp-json\/wp\/v2\/pages\/6142\/revisions\/6194"}],"wp:attachment":[{"href":"https:\/\/www.stadjutor.com\/minientreprise\/wp-json\/wp\/v2\/media?parent=6142"}],"curies":[{"name":"wp","href":"https:\/\/api.w.org\/{rel}","templated":true}]}}