{"id":39,"date":"2021-01-11T15:30:20","date_gmt":"2021-01-11T14:30:20","guid":{"rendered":"http:\/\/stadjutor-sio.com\/petitsprinces\/?page_id=39"},"modified":"2022-02-09T16:45:51","modified_gmt":"2022-02-09T15:45:51","slug":"billeterie","status":"publish","type":"page","link":"https:\/\/www.stadjutor.com\/petitsprinces\/billeterie","title":{"rendered":"Billeterie"},"content":{"rendered":"<p><div class=\"et_pb_with_border et_d4_element et_pb_section et_pb_section_0 et_pb_with_background  et_pb_css_mix_blend_mode et_section_regular section_has_divider et_pb_bottom_divider et_pb_top_divider et_block_section\" >\n\t\t\t\t<div class=\"et_pb_top_inside_divider et-no-transition\"><\/div>\n\t\t\t\t\n\t\t\t\t\n\t\t\t\t\n\t\t\t\t\n\t\t\t\t\n\t\t\t\t<div class=\"et_d4_element et_pb_row et_pb_row_0  et_pb_css_mix_blend_mode et_block_row\">\n\t\t\t\t<div class=\"et_d4_element et_pb_column_4_4 et_pb_column et_pb_column_0  et_pb_css_mix_blend_mode et-last-child et_block_column\">\n\t\t\t\t\n\t\t\t\t\n\t\t\t\t\n\t\t\t\t\n\t\t\t\t<div class=\"et_pb_module et_d4_element et_pb_text et_pb_text_0 et_animated  et_pb_text_align_left et_pb_bg_layout_dark\">\n\t\t\t\t\n\t\t\t\t\n\t\t\t\t\n\t\t\t\t\n\t\t\t\t<div class=\"et_pb_text_inner\"><h1>Billeterie Spectacle<\/h1>\n<h1>Petits Princes Saint-Adjutor<\/h1>\n<h2><\/h2><\/div>\n\t\t\t<\/div>\n\t\t\t<\/div>\n\t\t\t\t\n\t\t\t\t\n\t\t\t\t\n\t\t\t\t\n\t\t\t<\/div>\n\t\t\t\t\n\t\t\t\t<div class=\"et_pb_bottom_inside_divider et-no-transition\"><\/div>\n\t\t\t<\/div><div class=\"et_d4_element et_pb_section et_pb_section_1 et_pb_with_background  et_pb_css_mix_blend_mode et_section_regular et_block_section\" >\n\t\t\t\t\n\t\t\t\t\n\t\t\t\t\n\t\t\t\t\n\t\t\t\t\n\t\t\t\t\n\t\t\t\t<div class=\"et_d4_element et_pb_row et_pb_row_1  et_pb_css_mix_blend_mode et_block_row\">\n\t\t\t\t<div class=\"et_d4_element et_pb_column_1_2 et_pb_column et_pb_column_1  et_pb_css_mix_blend_mode et_block_column\">\n\t\t\t\t\n\t\t\t\t\n\t\t\t\t\n\t\t\t\t\n\t\t\t\t<div class=\"et_pb_module et_d4_element et_pb_text et_pb_text_1 et_animated  et_pb_text_align_left et_pb_bg_layout_light\">\n\t\t\t\t\n\t\t\t\t\n\t\t\t\t\n\t\t\t\t\n\t\t\t\t<div class=\"et_pb_text_inner\"><h2 style=\"text-align: center;\">Billets 2022<\/h2>\n<h1 style=\"text-align: center;\">Commandez<\/h1>\n<h1 style=\"text-align: center;\">d\u00e8s<\/h1>\n<h1 style=\"text-align: center;\">Maintenant<\/h1><\/div>\n\t\t\t<\/div><div class=\"et_pb_module et_d4_element et_pb_image et_pb_image_0\">\n\t\t\t\t\n\t\t\t\t\n\t\t\t\t\n\t\t\t\t\n\t\t\t\t<span class=\"et_pb_image_wrap \"><img loading=\"lazy\" decoding=\"async\" width=\"159\" height=\"204\" src=\"https:\/\/www.stadjutor.com\/petitsprinces\/wp-content\/uploads\/sites\/2\/2021\/01\/bg_img1.png\" alt=\"logo petits princes\" title=\"bg_img1\" class=\"wp-image-11\" \/><\/span>\n\t\t\t<\/div><div class=\"et_pb_button_module_wrapper et_pb_button_0_wrapper et_pb_button_alignment_center et_pb_module \">\n\t\t\t\t<a class=\"et_pb_button et_d4_element et_pb_button_0 et_animated et_pb_bg_layout_dark et_block_module\" href=\"https:\/\/www.weezevent.com\/stadjutor\" target=\"_blank\">R\u00e9server<\/a>\n\t\t\t<\/div>\n\t\t\t<\/div><div class=\"et_d4_element et_pb_column_1_2 et_pb_column et_pb_column_2  et_pb_css_mix_blend_mode et-last-child et_block_column\">\n\t\t\t\t\n\t\t\t\t\n\t\t\t\t\n\t\t\t\t\n\t\t\t\t<div class=\"et_pb_module et_d4_element et_pb_text et_pb_text_2 et_animated  et_pb_text_align_justified et_pb_bg_layout_light\">\n\t\t\t\t\n\t\t\t\t\n\t\t\t\t\n\t\t\t\t\n\t\t\t\t<div class=\"et_pb_text_inner\"><p>Ils vous feront vibrer, tr\u00e8s souvent rire, ils ont un petit grain de folie, mais surtout un talent certain\u2026<br \/>De qui parlons-nous ? Des acteurs des Galas des Petits Princes, \u00e9l\u00e8ves de primaire, coll\u00e8ge et lyc\u00e9e mais \u00e9galement professeurs et personnels de l\u2019\u00e9tablissement qui mettront tout leur c\u0153ur au service des r\u00eaves des enfants malades\u202f!<\/p>\n<p>Les recettes de ces spectacles seront enti\u00e8rement revers\u00e9es \u00e0 l\u2019association Petits Princes.<\/p>\n<p>Parce que chaque ann\u00e9e, c\u2019est plus de 500 enfants et adolescents gravement malades qui\u202fattendent de r\u00e9aliser leur r\u00eave et un enfant qui vit ses passions et r\u00e9alise ses r\u00eaves, c\u2019est un enfant qui trouve\u202fune \u00e9nergie suppl\u00e9mentaire pour se battre contre la maladie.<\/p>\n<p>Alors, n\u2019h\u00e9sitez plus et venez nombreux assister \u00e0 cette repr\u00e9sentation\u202f!<\/p><\/div>\n\t\t\t<\/div>\n\t\t\t<\/div>\n\t\t\t\t\n\t\t\t\t\n\t\t\t\t\n\t\t\t\t\n\t\t\t<\/div>\n\t\t\t\t\n\t\t\t\t\n\t\t\t<\/div><\/p>\n","protected":false},"excerpt":{"rendered":"","protected":false},"author":2,"featured_media":0,"parent":0,"menu_order":0,"comment_status":"closed","ping_status":"closed","template":"","meta":{"_et_pb_use_builder":"on","_et_pb_old_content":"","_et_gb_content_width":"","footnotes":""},"class_list":["post-39","page","type-page","status-publish","hentry"],"_links":{"self":[{"href":"https:\/\/www.stadjutor.com\/petitsprinces\/wp-json\/wp\/v2\/pages\/39","targetHints":{"allow":["GET"]}}],"collection":[{"href":"https:\/\/www.stadjutor.com\/petitsprinces\/wp-json\/wp\/v2\/pages"}],"about":[{"href":"https:\/\/www.stadjutor.com\/petitsprinces\/wp-json\/wp\/v2\/types\/page"}],"author":[{"embeddable":true,"href":"https:\/\/www.stadjutor.com\/petitsprinces\/wp-json\/wp\/v2\/users\/2"}],"replies":[{"embeddable":true,"href":"https:\/\/www.stadjutor.com\/petitsprinces\/wp-json\/wp\/v2\/comments?post=39"}],"version-history":[{"count":12,"href":"https:\/\/www.stadjutor.com\/petitsprinces\/wp-json\/wp\/v2\/pages\/39\/revisions"}],"predecessor-version":[{"id":366,"href":"https:\/\/www.stadjutor.com\/petitsprinces\/wp-json\/wp\/v2\/pages\/39\/revisions\/366"}],"wp:attachment":[{"href":"https:\/\/www.stadjutor.com\/petitsprinces\/wp-json\/wp\/v2\/media?parent=39"}],"curies":[{"name":"wp","href":"https:\/\/api.w.org\/{rel}","templated":true}]}}